{"id":3272,"date":"2021-11-17T13:37:00","date_gmt":"2021-11-17T11:37:00","guid":{"rendered":"https:\/\/www.aviationinstitute.eu\/?page_id=3272"},"modified":"2024-07-05T15:28:57","modified_gmt":"2024-07-05T13:28:57","slug":"chisinau","status":"publish","type":"page","link":"https:\/\/aviationinstitute.eu\/ro\/chisinau\/","title":{"rendered":"Chisinau"},"content":{"rendered":"<div data-elementor-type=\"wp-page\" data-elementor-id=\"3272\" class=\"elementor elementor-3272\">\n\t\t\t\t<div class=\"elementor-element elementor-element-32ad010 e-flex e-con-boxed e-con e-parent\" data-id=\"32ad010\" data-element_type=\"container\" data-e-type=\"container\">\n\t\t\t\t\t<div class=\"e-con-inner\">\n\t\t<div class=\"elementor-element elementor-element-4ca9b58 e-con-full e-flex e-con e-child\" data-id=\"4ca9b58\" data-element_type=\"container\" data-e-type=\"container\">\n\t\t\t\t<div class=\"elementor-element elementor-element-e0cca37 elementor-widget elementor-widget-heading\" data-id=\"e0cca37\" data-element_type=\"widget\" data-e-type=\"widget\" data-widget_type=\"heading.default\">\n\t\t\t\t<div class=\"elementor-widget-container\">\n\t\t\t\t\t<h5 class=\"elementor-heading-title elementor-size-default\"><a href=\"https:\/\/www.google.com\/maps?ll=46.833312,28.901349&#038;z=14&#038;t=m&#038;hl=en-US&#038;gl=US&#038;mapclient=embed&#038;cid=1381921581447410590\" target=\"_blank\">Hore\u0219ti Airport\nRoad M3,\u00a0Hore\u015fti, Chi\u015fin\u0103u, Moldova <\/a><\/h5>\t\t\t\t<\/div>\n\t\t\t\t<\/div>\n\t\t\t\t<div class=\"elementor-element elementor-element-84170d1 elementor-widget elementor-widget-eael-creative-button\" data-id=\"84170d1\" data-element_type=\"widget\" data-e-type=\"widget\" data-widget_type=\"eael-creative-button.default\">\n\t\t\t\t<div class=\"elementor-widget-container\">\n\t\t\t\t\t        <div class=\"eael-creative-button-wrapper\">\n\n            <a class=\"eael-creative-button eael-creative-button--winona eael-cb-icon-position-\" href=\"mailto:office@aeroas.ro\" data-text=\"office@aeroas.ro\">\n            \t    \n                <div class=\"creative-button-inner\">\n\n                    \n                    <span class=\"cretive-button-text\">Contact<\/span>\n\n                                    <\/div>\n\t                        <\/a>\n        <\/div>\n        \t\t\t\t<\/div>\n\t\t\t\t<\/div>\n\t\t\t\t<\/div>\n\t\t<div class=\"elementor-element elementor-element-d1cd836 e-con-full e-flex e-con e-child\" data-id=\"d1cd836\" data-element_type=\"container\" data-e-type=\"container\">\n\t\t\t\t<div class=\"elementor-element elementor-element-2f3c08f elementor-widget elementor-widget-google_maps\" data-id=\"2f3c08f\" data-element_type=\"widget\" data-e-type=\"widget\" data-widget_type=\"google_maps.default\">\n\t\t\t\t<div class=\"elementor-widget-container\">\n\t\t\t\t\t\t\t<div class=\"elementor-custom-embed\">\n\t\t\t<iframe loading=\"lazy\"\n\t\t\t\t\tsrc=\"https:\/\/maps.google.com\/maps?q=Hore%C8%99ti%20Airport%20Road%20M3%2C%C2%A0Hore%C5%9Fti%2C%20Chi%C5%9Fin%C4%83u%2C%20Moldova%20&#038;t=m&#038;z=14&#038;output=embed&#038;iwloc=near\"\n\t\t\t\t\ttitle=\"Hore\u0219ti Airport Road M3,\u00a0Hore\u015fti, Chi\u015fin\u0103u, Moldova \"\n\t\t\t\t\taria-label=\"Hore\u0219ti Airport Road M3,\u00a0Hore\u015fti, Chi\u015fin\u0103u, Moldova \"\n\t\t\t><\/iframe>\n\t\t<\/div>\n\t\t\t\t\t\t<\/div>\n\t\t\t\t<\/div>\n\t\t\t\t<\/div>\n\t\t\t\t\t<\/div>\n\t\t\t\t<\/div>\n\t\t\t\t<\/div>","protected":false},"excerpt":{"rendered":"<p>Hore\u0219ti Airport Road M3,\u00a0Hore\u015fti, Chi\u015fin\u0103u, Moldova Contact<\/p>","protected":false},"author":3,"featured_media":0,"parent":0,"menu_order":0,"comment_status":"closed","ping_status":"closed","template":"","meta":{"productId":0,"courseId":0,"footnotes":""},"class_list":["post-3272","page","type-page","status-publish","hentry"],"_links":{"self":[{"href":"https:\/\/aviationinstitute.eu\/ro\/wp-json\/wp\/v2\/pages\/3272","targetHints":{"allow":["GET"]}}],"collection":[{"href":"https:\/\/aviationinstitute.eu\/ro\/wp-json\/wp\/v2\/pages"}],"about":[{"href":"https:\/\/aviationinstitute.eu\/ro\/wp-json\/wp\/v2\/types\/page"}],"author":[{"embeddable":true,"href":"https:\/\/aviationinstitute.eu\/ro\/wp-json\/wp\/v2\/users\/3"}],"replies":[{"embeddable":true,"href":"https:\/\/aviationinstitute.eu\/ro\/wp-json\/wp\/v2\/comments?post=3272"}],"version-history":[{"count":0,"href":"https:\/\/aviationinstitute.eu\/ro\/wp-json\/wp\/v2\/pages\/3272\/revisions"}],"wp:attachment":[{"href":"https:\/\/aviationinstitute.eu\/ro\/wp-json\/wp\/v2\/media?parent=3272"}],"curies":[{"name":"wp","href":"https:\/\/api.w.org\/{rel}","templated":true}]}}