{"id":6308,"date":"2024-10-06T17:05:19","date_gmt":"2024-10-06T15:05:19","guid":{"rendered":"https:\/\/aviationinstitute.eu\/?post_type=product&#038;p=6308"},"modified":"2026-04-07T20:15:04","modified_gmt":"2026-04-07T18:15:04","slug":"human-factors-initial-ro","status":"publish","type":"product","link":"https:\/\/aviationinstitute.eu\/ro\/produs\/human-factors-initial-ro\/","title":{"rendered":"Factori Umani &#8211; Initial"},"content":{"rendered":"","protected":false},"excerpt":{"rendered":"<p style=\"text-align: justify;\">Acest curs este aliniat cu reglement\u0103rile <b data-path-to-node=\"3\" data-index-in-node=\"43\">EASA Part 145<\/b>, asigur\u00e2nd conformitatea deplin\u0103 cu alte reglement\u0103ri interna\u021bionale (<b data-path-to-node=\"3\" data-index-in-node=\"127\">ICAO<\/b>), precum \u0219i cu cerin\u021bele autorit\u0103\u021bilor na\u021bionale, av\u00e2nd ca scop promovarea unei culturi a siguran\u021bei \u0219i eficien\u021bei \u00een cadrul organiza\u021biilor de \u00eentre\u021binere.<\/p>\n<p style=\"text-align: justify;\">Cursul de Instruire Ini\u021bial\u0103 privind Factorii Umani este conceput pentru a oferi personalului de \u00eentre\u021binere aeronautic\u0103 o \u00een\u021belegere cuprinz\u0103toare a principiilor factorilor umani \u0219i a impactului acestora asupra siguran\u021bei \u0219i performan\u021bei.<\/p>","protected":false},"featured_media":6196,"comment_status":"closed","ping_status":"closed","template":"","meta":[],"product_brand":[],"product_cat":[69,55,77],"product_tag":[],"class_list":{"0":"post-6308","1":"product","2":"type-product","3":"status-publish","4":"has-post-thumbnail","6":"product_cat-courses","7":"product_cat-easa-part-145-initial-refresher","8":"product_cat-human-factors-initial-recurrent","10":"first","11":"instock","12":"virtual","13":"purchasable","14":"product-type-simple"},"_links":{"self":[{"href":"https:\/\/aviationinstitute.eu\/ro\/wp-json\/wp\/v2\/product\/6308","targetHints":{"allow":["GET"]}}],"collection":[{"href":"https:\/\/aviationinstitute.eu\/ro\/wp-json\/wp\/v2\/product"}],"about":[{"href":"https:\/\/aviationinstitute.eu\/ro\/wp-json\/wp\/v2\/types\/product"}],"replies":[{"embeddable":true,"href":"https:\/\/aviationinstitute.eu\/ro\/wp-json\/wp\/v2\/comments?post=6308"}],"wp:featuredmedia":[{"embeddable":true,"href":"https:\/\/aviationinstitute.eu\/ro\/wp-json\/wp\/v2\/media\/6196"}],"wp:attachment":[{"href":"https:\/\/aviationinstitute.eu\/ro\/wp-json\/wp\/v2\/media?parent=6308"}],"wp:term":[{"taxonomy":"product_brand","embeddable":true,"href":"https:\/\/aviationinstitute.eu\/ro\/wp-json\/wp\/v2\/product_brand?post=6308"},{"taxonomy":"product_cat","embeddable":true,"href":"https:\/\/aviationinstitute.eu\/ro\/wp-json\/wp\/v2\/product_cat?post=6308"},{"taxonomy":"product_tag","embeddable":true,"href":"https:\/\/aviationinstitute.eu\/ro\/wp-json\/wp\/v2\/product_tag?post=6308"}],"curies":[{"name":"wp","href":"https:\/\/api.w.org\/{rel}","templated":true}]}}