{"id":6309,"date":"2024-10-06T17:04:14","date_gmt":"2024-10-06T15:04:14","guid":{"rendered":"https:\/\/aviationinstitute.eu\/?post_type=product&#038;p=6309"},"modified":"2026-04-07T20:18:50","modified_gmt":"2026-04-07T18:18:50","slug":"human-factors-recurrent-ro","status":"publish","type":"product","link":"https:\/\/aviationinstitute.eu\/ro\/produs\/human-factors-recurrent-ro\/","title":{"rendered":"Factori Umani &#8211; Recurent"},"content":{"rendered":"","protected":false},"excerpt":{"rendered":"<p><b>Obiectivele cursului:<\/b><\/p>\n<ul>\n<li>Pentru a re\u00eemprosp\u0103ta cuno\u0219tin\u021bele despre principiile factorilor umani \u0219i aplicarea lor \u00een \u00eentre\u021binere.<\/li>\n<li>Revizuirea \u0219i analizarea incidentelor recente \u0219i a studiilor de caz pentru lec\u021biile \u00eenv\u0103\u021bate.<\/li>\n<li>Pentru a consolida strategiile de gestionare a erorilor \u0219i de prevenire.<\/li>\n<li>Pentru a actualiza participan\u021bii cu privire la orice modific\u0103ri \u00een reglement\u0103ri \u0219i cele mai bune practici.<\/li>\n<\/ul>","protected":false},"featured_media":6197,"comment_status":"closed","ping_status":"closed","template":"","meta":[],"product_brand":[],"product_cat":[69,55,77],"product_tag":[],"class_list":{"0":"post-6309","1":"product","2":"type-product","3":"status-publish","4":"has-post-thumbnail","6":"product_cat-courses","7":"product_cat-easa-part-145-initial-refresher","8":"product_cat-easa-part-145-human-factors-training-courses","10":"first","11":"instock","12":"virtual","13":"purchasable","14":"product-type-simple"},"_links":{"self":[{"href":"https:\/\/aviationinstitute.eu\/ro\/wp-json\/wp\/v2\/product\/6309","targetHints":{"allow":["GET"]}}],"collection":[{"href":"https:\/\/aviationinstitute.eu\/ro\/wp-json\/wp\/v2\/product"}],"about":[{"href":"https:\/\/aviationinstitute.eu\/ro\/wp-json\/wp\/v2\/types\/product"}],"replies":[{"embeddable":true,"href":"https:\/\/aviationinstitute.eu\/ro\/wp-json\/wp\/v2\/comments?post=6309"}],"wp:featuredmedia":[{"embeddable":true,"href":"https:\/\/aviationinstitute.eu\/ro\/wp-json\/wp\/v2\/media\/6197"}],"wp:attachment":[{"href":"https:\/\/aviationinstitute.eu\/ro\/wp-json\/wp\/v2\/media?parent=6309"}],"wp:term":[{"taxonomy":"product_brand","embeddable":true,"href":"https:\/\/aviationinstitute.eu\/ro\/wp-json\/wp\/v2\/product_brand?post=6309"},{"taxonomy":"product_cat","embeddable":true,"href":"https:\/\/aviationinstitute.eu\/ro\/wp-json\/wp\/v2\/product_cat?post=6309"},{"taxonomy":"product_tag","embeddable":true,"href":"https:\/\/aviationinstitute.eu\/ro\/wp-json\/wp\/v2\/product_tag?post=6309"}],"curies":[{"name":"wp","href":"https:\/\/api.w.org\/{rel}","templated":true}]}}